{"id":11490,"date":"2021-09-08T09:53:56","date_gmt":"2021-09-08T08:53:56","guid":{"rendered":"https:\/\/productselector.gmc-instruments.com\/?post_type=product&#038;p=11490"},"modified":"2024-12-04T07:37:03","modified_gmt":"2024-12-04T06:37:03","slug":"linax-pq5000-mobile","status":"publish","type":"product","link":"https:\/\/productselector.gmc-instruments.com\/fr\/produkt\/linax-pq5000-mobile\/","title":{"rendered":"LINAX\u00ae PQ5000-Mobile"},"content":{"rendered":"","protected":false},"excerpt":{"rendered":"<p><strong>Appareil mobile pour la surveillance de la qualit\u00e9 des r\u00e9seaux \u00e9lectriques.<\/strong><\/p>\n<p>Appareil de mesure mobile PQ certifi\u00e9 pour la classe A et l&rsquo;\u00e9nergie active.<\/p>\n<p>&nbsp;<\/p>\n","protected":false},"featured_media":29070,"template":"","meta":[],"product_brand":[],"product_cat":[3384],"product_tag":[],"class_list":{"0":"post-11490","1":"product","2":"type-product","3":"status-publish","4":"has-post-thumbnail","6":"product_cat-technique-de-mesure-mobile","8":"first","9":"instock","10":"shipping-taxable","11":"purchasable","12":"product-type-variable","13":"has-default-attributes"},"_links":{"self":[{"href":"https:\/\/productselector.gmc-instruments.com\/fr\/wp-json\/wp\/v2\/product\/11490","targetHints":{"allow":["GET"]}}],"collection":[{"href":"https:\/\/productselector.gmc-instruments.com\/fr\/wp-json\/wp\/v2\/product"}],"about":[{"href":"https:\/\/productselector.gmc-instruments.com\/fr\/wp-json\/wp\/v2\/types\/product"}],"wp:featuredmedia":[{"embeddable":true,"href":"https:\/\/productselector.gmc-instruments.com\/fr\/wp-json\/wp\/v2\/media\/29070"}],"wp:attachment":[{"href":"https:\/\/productselector.gmc-instruments.com\/fr\/wp-json\/wp\/v2\/media?parent=11490"}],"wp:term":[{"taxonomy":"product_brand","embeddable":true,"href":"https:\/\/productselector.gmc-instruments.com\/fr\/wp-json\/wp\/v2\/product_brand?post=11490"},{"taxonomy":"product_cat","embeddable":true,"href":"https:\/\/productselector.gmc-instruments.com\/fr\/wp-json\/wp\/v2\/product_cat?post=11490"},{"taxonomy":"product_tag","embeddable":true,"href":"https:\/\/productselector.gmc-instruments.com\/fr\/wp-json\/wp\/v2\/product_tag?post=11490"}],"curies":[{"name":"wp","href":"https:\/\/api.w.org\/{rel}","templated":true}]}}