{"id":11493,"date":"2021-07-22T11:20:36","date_gmt":"2021-07-22T10:20:36","guid":{"rendered":"https:\/\/productselector.gmc-instruments.com\/?post_type=product&#038;p=11493"},"modified":"2024-12-04T07:37:52","modified_gmt":"2024-12-04T06:37:52","slug":"sineax-am3000","status":"publish","type":"product","link":"https:\/\/productselector.gmc-instruments.com\/fr\/produkt\/sineax-am3000\/","title":{"rendered":"SINEAX\u00ae AM3000"},"content":{"rendered":"","protected":false},"excerpt":{"rendered":"<p>P\u00e9riph\u00e9riques de surveillance de la puissance (PMD) pour la saisie de toutes les grandeurs \u00e9lectriques.<br \/>\n144 x 144 mm pour le montage sur panneau.<\/p>\n","protected":false},"featured_media":0,"template":"","meta":[],"product_brand":[],"product_cat":[3401],"product_tag":[],"class_list":{"0":"post-11493","1":"product","2":"type-product","3":"status-publish","5":"product_cat-technique-de-mesure-multifonctionnelle","7":"first","8":"instock","9":"shipping-taxable","10":"purchasable","11":"product-type-variable","12":"has-default-attributes"},"_links":{"self":[{"href":"https:\/\/productselector.gmc-instruments.com\/fr\/wp-json\/wp\/v2\/product\/11493","targetHints":{"allow":["GET"]}}],"collection":[{"href":"https:\/\/productselector.gmc-instruments.com\/fr\/wp-json\/wp\/v2\/product"}],"about":[{"href":"https:\/\/productselector.gmc-instruments.com\/fr\/wp-json\/wp\/v2\/types\/product"}],"wp:attachment":[{"href":"https:\/\/productselector.gmc-instruments.com\/fr\/wp-json\/wp\/v2\/media?parent=11493"}],"wp:term":[{"taxonomy":"product_brand","embeddable":true,"href":"https:\/\/productselector.gmc-instruments.com\/fr\/wp-json\/wp\/v2\/product_brand?post=11493"},{"taxonomy":"product_cat","embeddable":true,"href":"https:\/\/productselector.gmc-instruments.com\/fr\/wp-json\/wp\/v2\/product_cat?post=11493"},{"taxonomy":"product_tag","embeddable":true,"href":"https:\/\/productselector.gmc-instruments.com\/fr\/wp-json\/wp\/v2\/product_tag?post=11493"}],"curies":[{"name":"wp","href":"https:\/\/api.w.org\/{rel}","templated":true}]}}