{"id":11494,"date":"2021-11-15T14:05:37","date_gmt":"2021-11-15T13:05:37","guid":{"rendered":"https:\/\/productselector.gmc-instruments.com\/?post_type=product&#038;p=11494"},"modified":"2024-12-04T07:38:02","modified_gmt":"2024-12-04T06:38:02","slug":"sirax-bm1250","status":"publish","type":"product","link":"https:\/\/productselector.gmc-instruments.com\/fr\/produkt\/sirax-bm1250\/","title":{"rendered":"SIRAX\u00ae BM1250"},"content":{"rendered":"","protected":false},"excerpt":{"rendered":"<p>L&rsquo;appareil de mesure de puissance et de surveillance multifonctionnel SIRAX BM1250 est con\u00e7u pour un montage fixe et pour mesurer les principaux param\u00e8tres \u00e9lectriques dans les installations basse tension. La mesure est con\u00e7ue pour les r\u00e9seaux monophas\u00e9s ou triphas\u00e9s avec des raccordements \u00e0 2, 3 ou 4 fils et servent \u00e0 surveiller la distribution \u00e9lectrique en toute s\u00e9curit\u00e9.<\/p>\n","protected":false},"featured_media":29331,"template":"","meta":[],"product_brand":[],"product_cat":[3401],"product_tag":[],"class_list":{"0":"post-11494","1":"product","2":"type-product","3":"status-publish","4":"has-post-thumbnail","6":"product_cat-technique-de-mesure-multifonctionnelle","8":"first","9":"instock","10":"shipping-taxable","11":"purchasable","12":"product-type-variable","13":"has-default-attributes"},"_links":{"self":[{"href":"https:\/\/productselector.gmc-instruments.com\/fr\/wp-json\/wp\/v2\/product\/11494","targetHints":{"allow":["GET"]}}],"collection":[{"href":"https:\/\/productselector.gmc-instruments.com\/fr\/wp-json\/wp\/v2\/product"}],"about":[{"href":"https:\/\/productselector.gmc-instruments.com\/fr\/wp-json\/wp\/v2\/types\/product"}],"wp:featuredmedia":[{"embeddable":true,"href":"https:\/\/productselector.gmc-instruments.com\/fr\/wp-json\/wp\/v2\/media\/29331"}],"wp:attachment":[{"href":"https:\/\/productselector.gmc-instruments.com\/fr\/wp-json\/wp\/v2\/media?parent=11494"}],"wp:term":[{"taxonomy":"product_brand","embeddable":true,"href":"https:\/\/productselector.gmc-instruments.com\/fr\/wp-json\/wp\/v2\/product_brand?post=11494"},{"taxonomy":"product_cat","embeddable":true,"href":"https:\/\/productselector.gmc-instruments.com\/fr\/wp-json\/wp\/v2\/product_cat?post=11494"},{"taxonomy":"product_tag","embeddable":true,"href":"https:\/\/productselector.gmc-instruments.com\/fr\/wp-json\/wp\/v2\/product_tag?post=11494"}],"curies":[{"name":"wp","href":"https:\/\/api.w.org\/{rel}","templated":true}]}}