{"id":11594,"date":"2021-07-22T11:25:14","date_gmt":"2021-07-22T10:25:14","guid":{"rendered":"https:\/\/productselector.gmc-instruments.com\/?post_type=product&#038;p=11594"},"modified":"2024-12-04T07:38:02","modified_gmt":"2024-12-04T06:38:02","slug":"centrax-cu5000","status":"publish","type":"product","link":"https:\/\/productselector.gmc-instruments.com\/fr\/produkt\/centrax-cu5000\/","title":{"rendered":"CENTRAX\u00ae CU5000"},"content":{"rendered":"","protected":false},"excerpt":{"rendered":"<p><strong>Des solutions flexibles pour l&rsquo;industrie de l&rsquo;\u00e9lectricit\u00e9<\/strong><\/p>\n<p>Le CENTRAX CU5000 combine dans un seul bo\u00eetier la fonctionnalit\u00e9 d&rsquo;un appareil de mesure de haute pr\u00e9cision pour les applications \u00e0 courant fort avec les possibilit\u00e9s d&rsquo;un PLC programmable librement.<\/p>\n","protected":false},"featured_media":28992,"template":"","meta":[],"product_brand":[],"product_cat":[3418,3335],"product_tag":[],"class_list":{"0":"post-11594","1":"product","2":"type-product","3":"status-publish","4":"has-post-thumbnail","6":"product_cat-surveiller-et-controler","7":"product_cat-technique-de-mesure-industrielle","9":"first","10":"instock","11":"shipping-taxable","12":"purchasable","13":"product-type-variable"},"_links":{"self":[{"href":"https:\/\/productselector.gmc-instruments.com\/fr\/wp-json\/wp\/v2\/product\/11594","targetHints":{"allow":["GET"]}}],"collection":[{"href":"https:\/\/productselector.gmc-instruments.com\/fr\/wp-json\/wp\/v2\/product"}],"about":[{"href":"https:\/\/productselector.gmc-instruments.com\/fr\/wp-json\/wp\/v2\/types\/product"}],"wp:featuredmedia":[{"embeddable":true,"href":"https:\/\/productselector.gmc-instruments.com\/fr\/wp-json\/wp\/v2\/media\/28992"}],"wp:attachment":[{"href":"https:\/\/productselector.gmc-instruments.com\/fr\/wp-json\/wp\/v2\/media?parent=11594"}],"wp:term":[{"taxonomy":"product_brand","embeddable":true,"href":"https:\/\/productselector.gmc-instruments.com\/fr\/wp-json\/wp\/v2\/product_brand?post=11594"},{"taxonomy":"product_cat","embeddable":true,"href":"https:\/\/productselector.gmc-instruments.com\/fr\/wp-json\/wp\/v2\/product_cat?post=11594"},{"taxonomy":"product_tag","embeddable":true,"href":"https:\/\/productselector.gmc-instruments.com\/fr\/wp-json\/wp\/v2\/product_tag?post=11594"}],"curies":[{"name":"wp","href":"https:\/\/api.w.org\/{rel}","templated":true}]}}