{"id":11596,"date":"2021-11-26T11:06:53","date_gmt":"2021-11-26T10:06:53","guid":{"rendered":"https:\/\/productselector.gmc-instruments.com\/?post_type=product&#038;p=11596"},"modified":"2024-12-04T07:38:32","modified_gmt":"2024-12-04T06:38:32","slug":"aufsteck-differenzstromwandler","status":"publish","type":"product","link":"https:\/\/productselector.gmc-instruments.com\/fr\/produkt\/aufsteck-differenzstromwandler\/","title":{"rendered":"Transformateur de courant diff\u00e9rentiel enfichable"},"content":{"rendered":"","protected":false},"excerpt":{"rendered":"<p>Les transformateurs de courant diff\u00e9rentiels enfichables de la s\u00e9rie \u00ab\u00a0DACT\u00a0\u00bb type A d\u00e9tectent de tr\u00e8s faibles courants. En combinaison avec nos variantes d&rsquo;appareils SINEAX DM5000, AMx000, CENTRAX CUx000 et LINAX PQx000, ils peuvent \u00eatre utilis\u00e9s pour la surveillance diff\u00e9rentielle et de courant de d\u00e9faut des machines et des installations.<\/p>\n","protected":false},"featured_media":27636,"template":"","meta":[],"product_brand":[],"product_cat":[3420],"product_tag":[],"class_list":{"0":"post-11596","1":"product","2":"type-product","3":"status-publish","4":"has-post-thumbnail","6":"product_cat-transformateurs-de-courant","8":"first","9":"instock","10":"shipping-taxable","11":"purchasable","12":"product-type-variable","13":"has-default-attributes"},"_links":{"self":[{"href":"https:\/\/productselector.gmc-instruments.com\/fr\/wp-json\/wp\/v2\/product\/11596","targetHints":{"allow":["GET"]}}],"collection":[{"href":"https:\/\/productselector.gmc-instruments.com\/fr\/wp-json\/wp\/v2\/product"}],"about":[{"href":"https:\/\/productselector.gmc-instruments.com\/fr\/wp-json\/wp\/v2\/types\/product"}],"wp:featuredmedia":[{"embeddable":true,"href":"https:\/\/productselector.gmc-instruments.com\/fr\/wp-json\/wp\/v2\/media\/27636"}],"wp:attachment":[{"href":"https:\/\/productselector.gmc-instruments.com\/fr\/wp-json\/wp\/v2\/media?parent=11596"}],"wp:term":[{"taxonomy":"product_brand","embeddable":true,"href":"https:\/\/productselector.gmc-instruments.com\/fr\/wp-json\/wp\/v2\/product_brand?post=11596"},{"taxonomy":"product_cat","embeddable":true,"href":"https:\/\/productselector.gmc-instruments.com\/fr\/wp-json\/wp\/v2\/product_cat?post=11596"},{"taxonomy":"product_tag","embeddable":true,"href":"https:\/\/productselector.gmc-instruments.com\/fr\/wp-json\/wp\/v2\/product_tag?post=11596"}],"curies":[{"name":"wp","href":"https:\/\/api.w.org\/{rel}","templated":true}]}}