{"id":11597,"date":"2021-11-12T12:14:19","date_gmt":"2021-11-12T11:14:19","guid":{"rendered":"https:\/\/productselector.gmc-instruments.com\/?post_type=product&#038;p=11597"},"modified":"2024-12-04T07:38:32","modified_gmt":"2024-12-04T06:38:32","slug":"sineax-dm5","status":"publish","type":"product","link":"https:\/\/productselector.gmc-instruments.com\/fr\/produkt\/sineax-dm5\/","title":{"rendered":"SINEAX\u00ae DM5"},"content":{"rendered":"","protected":false},"excerpt":{"rendered":"<p>SINEAX DM5S et SINEAX DM5F sont des appareils de mesure universels librement programmables destin\u00e9s aux r\u00e9seaux \u00e0 courant fort: des convertisseurs de mesure classiques de grande pr\u00e9cision, convenant aux t\u00e2ches de surveillance et aux applications de modernisation de la distribution d\u2019\u00e9nergie et de l\u2019industrie.<\/p>\n<p>Avec ou sans \u00e9nergie auxiliaire raccord\u00e9e, les appareils se pr\u00eatent \u00e0 une adaptation \u00e0 la t\u00e2che de mesure rapide et simple au moyen du logiciel CB-Manager. Selon le mod\u00e8le, les valeurs de mesure sont reproduites de mani\u00e8re proportionnelle sur les sorties de courant CC analogiques et\/ou via une interface Modbus.<\/p>\n","protected":false},"featured_media":0,"template":"","meta":[],"product_brand":[],"product_cat":[3423],"product_tag":[],"class_list":{"0":"post-11597","1":"product","2":"type-product","3":"status-publish","5":"product_cat-transmetteur","7":"first","8":"instock","9":"shipping-taxable","10":"purchasable","11":"product-type-variable","12":"has-default-attributes"},"_links":{"self":[{"href":"https:\/\/productselector.gmc-instruments.com\/fr\/wp-json\/wp\/v2\/product\/11597","targetHints":{"allow":["GET"]}}],"collection":[{"href":"https:\/\/productselector.gmc-instruments.com\/fr\/wp-json\/wp\/v2\/product"}],"about":[{"href":"https:\/\/productselector.gmc-instruments.com\/fr\/wp-json\/wp\/v2\/types\/product"}],"wp:attachment":[{"href":"https:\/\/productselector.gmc-instruments.com\/fr\/wp-json\/wp\/v2\/media?parent=11597"}],"wp:term":[{"taxonomy":"product_brand","embeddable":true,"href":"https:\/\/productselector.gmc-instruments.com\/fr\/wp-json\/wp\/v2\/product_brand?post=11597"},{"taxonomy":"product_cat","embeddable":true,"href":"https:\/\/productselector.gmc-instruments.com\/fr\/wp-json\/wp\/v2\/product_cat?post=11597"},{"taxonomy":"product_tag","embeddable":true,"href":"https:\/\/productselector.gmc-instruments.com\/fr\/wp-json\/wp\/v2\/product_tag?post=11597"}],"curies":[{"name":"wp","href":"https:\/\/api.w.org\/{rel}","templated":true}]}}