{"id":11630,"date":"2021-11-19T11:12:28","date_gmt":"2021-11-19T10:12:28","guid":{"rendered":"https:\/\/productselector.gmc-instruments.com\/?post_type=product&#038;p=11630"},"modified":"2024-12-04T07:38:43","modified_gmt":"2024-12-04T06:38:43","slug":"sirax-mt7100","status":"publish","type":"product","link":"https:\/\/productselector.gmc-instruments.com\/fr\/produkt\/sirax-mt7100\/","title":{"rendered":"SIRAX\u00ae MT7100\/MT7150"},"content":{"rendered":"","protected":false},"excerpt":{"rendered":"<p>Le SIRAX MT7100 \/ MT7150 est un appareil de mesure de r\u00e9seau triphas\u00e9 \u00ab\u00a0tout en un\u00a0\u00bb avec compteur d&rsquo;\u00e9nergie int\u00e9gr\u00e9 et entr\u00e9e de courant universelle. Il est con\u00e7u pour le montage sur rail DIN et il est possible d&rsquo;y raccorder des transformateurs de courant et de tension courants ainsi que des bobines Rogowski.<\/p>\n<p><img loading=\"lazy\" decoding=\"async\" class=\"alignnone wp-image-12957\" src=\"https:\/\/camillebauer.com\/wp-content\/uploads\/2021\/11\/ecoline.png\" alt=\"\" width=\"101\" height=\"25\" \/><\/p>\n<p>&nbsp;<\/p>\n","protected":false},"featured_media":29375,"template":"","meta":[],"product_brand":[],"product_cat":[3455,3423],"product_tag":[],"class_list":{"0":"post-11630","1":"product","2":"type-product","3":"status-publish","4":"has-post-thumbnail","6":"product_cat-compteur-denergie","7":"product_cat-transmetteur","9":"first","10":"instock","11":"shipping-taxable","12":"purchasable","13":"product-type-variable","14":"has-default-attributes"},"_links":{"self":[{"href":"https:\/\/productselector.gmc-instruments.com\/fr\/wp-json\/wp\/v2\/product\/11630","targetHints":{"allow":["GET"]}}],"collection":[{"href":"https:\/\/productselector.gmc-instruments.com\/fr\/wp-json\/wp\/v2\/product"}],"about":[{"href":"https:\/\/productselector.gmc-instruments.com\/fr\/wp-json\/wp\/v2\/types\/product"}],"wp:featuredmedia":[{"embeddable":true,"href":"https:\/\/productselector.gmc-instruments.com\/fr\/wp-json\/wp\/v2\/media\/29375"}],"wp:attachment":[{"href":"https:\/\/productselector.gmc-instruments.com\/fr\/wp-json\/wp\/v2\/media?parent=11630"}],"wp:term":[{"taxonomy":"product_brand","embeddable":true,"href":"https:\/\/productselector.gmc-instruments.com\/fr\/wp-json\/wp\/v2\/product_brand?post=11630"},{"taxonomy":"product_cat","embeddable":true,"href":"https:\/\/productselector.gmc-instruments.com\/fr\/wp-json\/wp\/v2\/product_cat?post=11630"},{"taxonomy":"product_tag","embeddable":true,"href":"https:\/\/productselector.gmc-instruments.com\/fr\/wp-json\/wp\/v2\/product_tag?post=11630"}],"curies":[{"name":"wp","href":"https:\/\/api.w.org\/{rel}","templated":true}]}}