{"id":11631,"date":"2021-11-04T15:47:38","date_gmt":"2021-11-04T14:47:38","guid":{"rendered":"https:\/\/productselector.gmc-instruments.com\/?post_type=product&#038;p=11631"},"modified":"2024-12-04T07:38:43","modified_gmt":"2024-12-04T06:38:43","slug":"sirax-bt5100","status":"publish","type":"product","link":"https:\/\/productselector.gmc-instruments.com\/fr\/produkt\/sirax-bt5100\/","title":{"rendered":"SIRAX\u00ae BT5100 (U)"},"content":{"rendered":"","protected":false},"excerpt":{"rendered":"<p>Le convertisseur de mesure SIRAX BT5100 est un appareil rail DIN qui sert \u00e0 convertir une tension d&rsquo;entr\u00e9e AC en un signal de sortie DC en courant ou en tension proportionnel \u00e0 la valeur mesur\u00e9e. La tension d&rsquo;entr\u00e9e AC et le courant\/tension de sortie sont affich\u00e9s sur l&rsquo;\u00e9cran et reproduits sur l&rsquo;interface Modbus.<\/p>\n","protected":false},"featured_media":29358,"template":"","meta":[],"product_brand":[],"product_cat":[3423],"product_tag":[],"class_list":{"0":"post-11631","1":"product","2":"type-product","3":"status-publish","4":"has-post-thumbnail","6":"product_cat-transmetteur","8":"first","9":"instock","10":"shipping-taxable","11":"purchasable","12":"product-type-variable","13":"has-default-attributes"},"_links":{"self":[{"href":"https:\/\/productselector.gmc-instruments.com\/fr\/wp-json\/wp\/v2\/product\/11631","targetHints":{"allow":["GET"]}}],"collection":[{"href":"https:\/\/productselector.gmc-instruments.com\/fr\/wp-json\/wp\/v2\/product"}],"about":[{"href":"https:\/\/productselector.gmc-instruments.com\/fr\/wp-json\/wp\/v2\/types\/product"}],"wp:featuredmedia":[{"embeddable":true,"href":"https:\/\/productselector.gmc-instruments.com\/fr\/wp-json\/wp\/v2\/media\/29358"}],"wp:attachment":[{"href":"https:\/\/productselector.gmc-instruments.com\/fr\/wp-json\/wp\/v2\/media?parent=11631"}],"wp:term":[{"taxonomy":"product_brand","embeddable":true,"href":"https:\/\/productselector.gmc-instruments.com\/fr\/wp-json\/wp\/v2\/product_brand?post=11631"},{"taxonomy":"product_cat","embeddable":true,"href":"https:\/\/productselector.gmc-instruments.com\/fr\/wp-json\/wp\/v2\/product_cat?post=11631"},{"taxonomy":"product_tag","embeddable":true,"href":"https:\/\/productselector.gmc-instruments.com\/fr\/wp-json\/wp\/v2\/product_tag?post=11631"}],"curies":[{"name":"wp","href":"https:\/\/api.w.org\/{rel}","templated":true}]}}