{"id":11639,"date":"2021-11-04T15:51:37","date_gmt":"2021-11-04T14:51:37","guid":{"rendered":"https:\/\/productselector.gmc-instruments.com\/?post_type=product&#038;p=11639"},"modified":"2024-12-04T07:38:52","modified_gmt":"2024-12-04T06:38:52","slug":"sirax-bt5200","status":"publish","type":"product","link":"https:\/\/productselector.gmc-instruments.com\/fr\/produkt\/sirax-bt5200\/","title":{"rendered":"SIRAX\u00ae BT5200 (I)"},"content":{"rendered":"","protected":false},"excerpt":{"rendered":"<p><strong>Convertisseur de mesure pour courant alternatif<\/strong><br \/>\nLe convertisseur de mesure SIRAX BT5200 est un appareil rail DIN qui sert \u00e0 convertir un courant d&rsquo;entr\u00e9e AC en un signal de sortie DC en courant ou en tension proportionnel \u00e0 la valeur mesur\u00e9e. Le courant d&rsquo;entr\u00e9e AC et le courant\/tension de sortie sont affich\u00e9s sur l&rsquo;\u00e9cran et reproduits sur l&rsquo;interface Modbus.<\/p>\n<p>&nbsp;<\/p>\n","protected":false},"featured_media":29360,"template":"","meta":[],"product_brand":[],"product_cat":[3423],"product_tag":[],"class_list":{"0":"post-11639","1":"product","2":"type-product","3":"status-publish","4":"has-post-thumbnail","6":"product_cat-transmetteur","8":"first","9":"instock","10":"shipping-taxable","11":"purchasable","12":"product-type-variable","13":"has-default-attributes"},"_links":{"self":[{"href":"https:\/\/productselector.gmc-instruments.com\/fr\/wp-json\/wp\/v2\/product\/11639","targetHints":{"allow":["GET"]}}],"collection":[{"href":"https:\/\/productselector.gmc-instruments.com\/fr\/wp-json\/wp\/v2\/product"}],"about":[{"href":"https:\/\/productselector.gmc-instruments.com\/fr\/wp-json\/wp\/v2\/types\/product"}],"wp:featuredmedia":[{"embeddable":true,"href":"https:\/\/productselector.gmc-instruments.com\/fr\/wp-json\/wp\/v2\/media\/29360"}],"wp:attachment":[{"href":"https:\/\/productselector.gmc-instruments.com\/fr\/wp-json\/wp\/v2\/media?parent=11639"}],"wp:term":[{"taxonomy":"product_brand","embeddable":true,"href":"https:\/\/productselector.gmc-instruments.com\/fr\/wp-json\/wp\/v2\/product_brand?post=11639"},{"taxonomy":"product_cat","embeddable":true,"href":"https:\/\/productselector.gmc-instruments.com\/fr\/wp-json\/wp\/v2\/product_cat?post=11639"},{"taxonomy":"product_tag","embeddable":true,"href":"https:\/\/productselector.gmc-instruments.com\/fr\/wp-json\/wp\/v2\/product_tag?post=11639"}],"curies":[{"name":"wp","href":"https:\/\/api.w.org\/{rel}","templated":true}]}}