{"id":11641,"date":"2021-11-04T16:05:00","date_gmt":"2021-11-04T15:05:00","guid":{"rendered":"https:\/\/productselector.gmc-instruments.com\/?post_type=product&#038;p=11641"},"modified":"2024-12-04T07:38:53","modified_gmt":"2024-12-04T06:38:53","slug":"sirax-bt5400","status":"publish","type":"product","link":"https:\/\/productselector.gmc-instruments.com\/fr\/produkt\/sirax-bt5400\/","title":{"rendered":"SIRAX\u00ae BT5400 (P\/Q\/S\/\u03c6\/pf)"},"content":{"rendered":"","protected":false},"excerpt":{"rendered":"<p><strong>Convertisseur de mesure de la puissance active\/apparente\/r\u00e9active, de l&rsquo;angle de phase et du facteur de puissance<\/strong><br \/>\nLe SIRAX BT5400 est utilis\u00e9 pour mesurer et convertir la puissance active, la puissance apparente, la puissance r\u00e9active, l&rsquo;angle de phase et le facteur de puissance de syst\u00e8mes AC monophas\u00e9s ou triphas\u00e9s avec une charge sym\u00e9trique ou asym\u00e9trique en un signal de sortie proportionnel en courant continu ou en tension continue.<\/p>\n","protected":false},"featured_media":29364,"template":"","meta":[],"product_brand":[],"product_cat":[3423],"product_tag":[],"class_list":{"0":"post-11641","1":"product","2":"type-product","3":"status-publish","4":"has-post-thumbnail","6":"product_cat-transmetteur","8":"first","9":"instock","10":"shipping-taxable","11":"purchasable","12":"product-type-variable","13":"has-default-attributes"},"_links":{"self":[{"href":"https:\/\/productselector.gmc-instruments.com\/fr\/wp-json\/wp\/v2\/product\/11641","targetHints":{"allow":["GET"]}}],"collection":[{"href":"https:\/\/productselector.gmc-instruments.com\/fr\/wp-json\/wp\/v2\/product"}],"about":[{"href":"https:\/\/productselector.gmc-instruments.com\/fr\/wp-json\/wp\/v2\/types\/product"}],"wp:featuredmedia":[{"embeddable":true,"href":"https:\/\/productselector.gmc-instruments.com\/fr\/wp-json\/wp\/v2\/media\/29364"}],"wp:attachment":[{"href":"https:\/\/productselector.gmc-instruments.com\/fr\/wp-json\/wp\/v2\/media?parent=11641"}],"wp:term":[{"taxonomy":"product_brand","embeddable":true,"href":"https:\/\/productselector.gmc-instruments.com\/fr\/wp-json\/wp\/v2\/product_brand?post=11641"},{"taxonomy":"product_cat","embeddable":true,"href":"https:\/\/productselector.gmc-instruments.com\/fr\/wp-json\/wp\/v2\/product_cat?post=11641"},{"taxonomy":"product_tag","embeddable":true,"href":"https:\/\/productselector.gmc-instruments.com\/fr\/wp-json\/wp\/v2\/product_tag?post=11641"}],"curies":[{"name":"wp","href":"https:\/\/api.w.org\/{rel}","templated":true}]}}