{"id":11642,"date":"2021-11-15T14:24:20","date_gmt":"2021-11-15T13:24:20","guid":{"rendered":"https:\/\/productselector.gmc-instruments.com\/?post_type=product&#038;p=11642"},"modified":"2024-12-04T07:38:53","modified_gmt":"2024-12-04T06:38:53","slug":"sirax-bt5700","status":"publish","type":"product","link":"https:\/\/productselector.gmc-instruments.com\/fr\/produkt\/sirax-bt5700\/","title":{"rendered":"SIRAX\u00ae BT5700 (U\/I\/F\/P\/Q\/S\/W\/varh\/VAh\/\u03c6\/pf)"},"content":{"rendered":"","protected":false},"excerpt":{"rendered":"<p>L&rsquo;appareil de mesure universel SIRAX BT5700 est con\u00e7u pour le montage fixe et la mesure de la tension, du courant, de la fr\u00e9quence, de la puissance, de l&rsquo;\u00e9nergie (active, r\u00e9active et apparente), du facteur de puissance, de l&rsquo;angle de phase, etc. dans les installations de distribution basse tension. L&rsquo;appareil est con\u00e7u pour une charge asym\u00e9trique dans des r\u00e9seaux triphas\u00e9s avec un raccordement \u00e0 3 ou 4 fils.<\/p>\n","protected":false},"featured_media":29368,"template":"","meta":[],"product_brand":[],"product_cat":[3423],"product_tag":[],"class_list":{"0":"post-11642","1":"product","2":"type-product","3":"status-publish","4":"has-post-thumbnail","6":"product_cat-transmetteur","8":"first","9":"instock","10":"shipping-taxable","11":"purchasable","12":"product-type-variable","13":"has-default-attributes"},"_links":{"self":[{"href":"https:\/\/productselector.gmc-instruments.com\/fr\/wp-json\/wp\/v2\/product\/11642","targetHints":{"allow":["GET"]}}],"collection":[{"href":"https:\/\/productselector.gmc-instruments.com\/fr\/wp-json\/wp\/v2\/product"}],"about":[{"href":"https:\/\/productselector.gmc-instruments.com\/fr\/wp-json\/wp\/v2\/types\/product"}],"wp:featuredmedia":[{"embeddable":true,"href":"https:\/\/productselector.gmc-instruments.com\/fr\/wp-json\/wp\/v2\/media\/29368"}],"wp:attachment":[{"href":"https:\/\/productselector.gmc-instruments.com\/fr\/wp-json\/wp\/v2\/media?parent=11642"}],"wp:term":[{"taxonomy":"product_brand","embeddable":true,"href":"https:\/\/productselector.gmc-instruments.com\/fr\/wp-json\/wp\/v2\/product_brand?post=11642"},{"taxonomy":"product_cat","embeddable":true,"href":"https:\/\/productselector.gmc-instruments.com\/fr\/wp-json\/wp\/v2\/product_cat?post=11642"},{"taxonomy":"product_tag","embeddable":true,"href":"https:\/\/productselector.gmc-instruments.com\/fr\/wp-json\/wp\/v2\/product_tag?post=11642"}],"curies":[{"name":"wp","href":"https:\/\/api.w.org\/{rel}","templated":true}]}}