{"id":11643,"date":"2021-11-17T13:15:58","date_gmt":"2021-11-17T12:15:58","guid":{"rendered":"https:\/\/productselector.gmc-instruments.com\/?post_type=product&#038;p=11643"},"modified":"2024-12-04T07:39:21","modified_gmt":"2024-12-04T06:39:21","slug":"dranxpert","status":"publish","type":"product","link":"https:\/\/productselector.gmc-instruments.com\/fr\/produkt\/dranxpert\/","title":{"rendered":"DranXperT\u00ae"},"content":{"rendered":"","protected":false},"excerpt":{"rendered":"<p><strong>Enregistreur de puissance et d\u00e9tecteur PQ<\/strong><\/p>\n<p>Enregistreur de puissance\/d&rsquo;\u00e9nergie &amp; d\u00e9tection PQ (creux, sur\u00e9l\u00e9vations, interruptions ainsi que variations de courant et harmoniques)<\/p>\n","protected":false},"featured_media":29000,"template":"","meta":[],"product_brand":[],"product_cat":[3384],"product_tag":[],"class_list":{"0":"post-11643","1":"product","2":"type-product","3":"status-publish","4":"has-post-thumbnail","6":"product_cat-technique-de-mesure-mobile","8":"first","9":"instock","10":"shipping-taxable","11":"purchasable","12":"product-type-variable","13":"has-default-attributes"},"_links":{"self":[{"href":"https:\/\/productselector.gmc-instruments.com\/fr\/wp-json\/wp\/v2\/product\/11643","targetHints":{"allow":["GET"]}}],"collection":[{"href":"https:\/\/productselector.gmc-instruments.com\/fr\/wp-json\/wp\/v2\/product"}],"about":[{"href":"https:\/\/productselector.gmc-instruments.com\/fr\/wp-json\/wp\/v2\/types\/product"}],"wp:featuredmedia":[{"embeddable":true,"href":"https:\/\/productselector.gmc-instruments.com\/fr\/wp-json\/wp\/v2\/media\/29000"}],"wp:attachment":[{"href":"https:\/\/productselector.gmc-instruments.com\/fr\/wp-json\/wp\/v2\/media?parent=11643"}],"wp:term":[{"taxonomy":"product_brand","embeddable":true,"href":"https:\/\/productselector.gmc-instruments.com\/fr\/wp-json\/wp\/v2\/product_brand?post=11643"},{"taxonomy":"product_cat","embeddable":true,"href":"https:\/\/productselector.gmc-instruments.com\/fr\/wp-json\/wp\/v2\/product_cat?post=11643"},{"taxonomy":"product_tag","embeddable":true,"href":"https:\/\/productselector.gmc-instruments.com\/fr\/wp-json\/wp\/v2\/product_tag?post=11643"}],"curies":[{"name":"wp","href":"https:\/\/api.w.org\/{rel}","templated":true}]}}