{"id":11644,"date":"2021-11-17T11:35:46","date_gmt":"2021-11-17T10:35:46","guid":{"rendered":"https:\/\/productselector.gmc-instruments.com\/?post_type=product&#038;p=11644"},"modified":"2024-12-04T07:39:21","modified_gmt":"2024-12-04T06:39:21","slug":"linax-pq5000cl","status":"publish","type":"product","link":"https:\/\/productselector.gmc-instruments.com\/fr\/produkt\/linax-pq5000cl\/","title":{"rendered":"LINAX\u00ae PQ5000CL"},"content":{"rendered":"","protected":false},"excerpt":{"rendered":"<h4>SOLUTION SMART-GRID AVEC UN SYST\u00c8ME DE MESURE \u00c9VOLUTIF<\/h4>\n<p>\u00c9valuation de la qualit\u00e9 du r\u00e9seau avec des informations modulaires sur les flux de charge pour le niveau de r\u00e9seau 7 (basse tension).<\/p>\n","protected":false},"featured_media":29083,"template":"","meta":[],"product_brand":[],"product_cat":[3484,3401,3337],"product_tag":[],"class_list":{"0":"post-11644","1":"product","2":"type-product","3":"status-publish","4":"has-post-thumbnail","6":"product_cat-smart-grid-technique-de-mesure-industrielle","7":"product_cat-technique-de-mesure-multifonctionnelle","8":"product_cat-technique-de-mesure-stationnaire","10":"first","11":"instock","12":"shipping-taxable","13":"purchasable","14":"product-type-variable","15":"has-default-attributes"},"_links":{"self":[{"href":"https:\/\/productselector.gmc-instruments.com\/fr\/wp-json\/wp\/v2\/product\/11644","targetHints":{"allow":["GET"]}}],"collection":[{"href":"https:\/\/productselector.gmc-instruments.com\/fr\/wp-json\/wp\/v2\/product"}],"about":[{"href":"https:\/\/productselector.gmc-instruments.com\/fr\/wp-json\/wp\/v2\/types\/product"}],"wp:featuredmedia":[{"embeddable":true,"href":"https:\/\/productselector.gmc-instruments.com\/fr\/wp-json\/wp\/v2\/media\/29083"}],"wp:attachment":[{"href":"https:\/\/productselector.gmc-instruments.com\/fr\/wp-json\/wp\/v2\/media?parent=11644"}],"wp:term":[{"taxonomy":"product_brand","embeddable":true,"href":"https:\/\/productselector.gmc-instruments.com\/fr\/wp-json\/wp\/v2\/product_brand?post=11644"},{"taxonomy":"product_cat","embeddable":true,"href":"https:\/\/productselector.gmc-instruments.com\/fr\/wp-json\/wp\/v2\/product_cat?post=11644"},{"taxonomy":"product_tag","embeddable":true,"href":"https:\/\/productselector.gmc-instruments.com\/fr\/wp-json\/wp\/v2\/product_tag?post=11644"}],"curies":[{"name":"wp","href":"https:\/\/api.w.org\/{rel}","templated":true}]}}