{"id":11858,"date":"2021-11-26T11:18:55","date_gmt":"2021-11-26T10:18:55","guid":{"rendered":"https:\/\/productselector.gmc-instruments.com\/?post_type=product&#038;p=11858"},"modified":"2024-12-04T07:40:27","modified_gmt":"2024-12-04T06:40:27","slug":"transformateur-de-courant-ac-dc-avec-fonctionnalite-de-compteur-denergie","status":"publish","type":"product","link":"https:\/\/productselector.gmc-instruments.com\/fr\/produkt\/transformateur-de-courant-ac-dc-avec-fonctionnalite-de-compteur-denergie\/","title":{"rendered":"Transformateur de courant AC\/DC avec fonctionnalit\u00e9 de compteur d&rsquo;\u00e9nergie"},"content":{"rendered":"","protected":false},"excerpt":{"rendered":"<p>Les s\u00e9ries SIRAX BT7200\/BT7250 et SIRAX BT7300\/BT7350 sont des transformateurs de courant avec fonctionnalit\u00e9 de compteur d&rsquo;\u00e9nergie int\u00e9gr\u00e9e pour la surveillance d&rsquo;applications monophas\u00e9es AC et DC. Le grand nombre de variables mesur\u00e9es, le courant maximal allant jusqu&rsquo;\u00e0 300 AAC ou 400 ADC pour un maximum de 1000 VDC ou 800 VAC permettent une utilisation polyvalente de ces appareils.<\/p>\n","protected":false},"featured_media":14370,"template":"","meta":[],"product_brand":[],"product_cat":[3455,3439,3420],"product_tag":[],"class_list":{"0":"post-11858","1":"product","2":"type-product","3":"status-publish","4":"has-post-thumbnail","6":"product_cat-compteur-denergie","7":"product_cat-technique-de-mesure-dc","8":"product_cat-transformateurs-de-courant","10":"first","11":"instock","12":"shipping-taxable","13":"purchasable","14":"product-type-variable","15":"has-default-attributes"},"_links":{"self":[{"href":"https:\/\/productselector.gmc-instruments.com\/fr\/wp-json\/wp\/v2\/product\/11858","targetHints":{"allow":["GET"]}}],"collection":[{"href":"https:\/\/productselector.gmc-instruments.com\/fr\/wp-json\/wp\/v2\/product"}],"about":[{"href":"https:\/\/productselector.gmc-instruments.com\/fr\/wp-json\/wp\/v2\/types\/product"}],"wp:featuredmedia":[{"embeddable":true,"href":"https:\/\/productselector.gmc-instruments.com\/fr\/wp-json\/wp\/v2\/media\/14370"}],"wp:attachment":[{"href":"https:\/\/productselector.gmc-instruments.com\/fr\/wp-json\/wp\/v2\/media?parent=11858"}],"wp:term":[{"taxonomy":"product_brand","embeddable":true,"href":"https:\/\/productselector.gmc-instruments.com\/fr\/wp-json\/wp\/v2\/product_brand?post=11858"},{"taxonomy":"product_cat","embeddable":true,"href":"https:\/\/productselector.gmc-instruments.com\/fr\/wp-json\/wp\/v2\/product_cat?post=11858"},{"taxonomy":"product_tag","embeddable":true,"href":"https:\/\/productselector.gmc-instruments.com\/fr\/wp-json\/wp\/v2\/product_tag?post=11858"}],"curies":[{"name":"wp","href":"https:\/\/api.w.org\/{rel}","templated":true}]}}