{"id":11860,"date":"2021-11-26T11:12:27","date_gmt":"2021-11-26T10:12:27","guid":{"rendered":"https:\/\/productselector.gmc-instruments.com\/?post_type=product&#038;p=11860"},"modified":"2024-12-04T07:40:27","modified_gmt":"2024-12-04T06:40:27","slug":"transformateur-de-courant-ac-dc-avec-fonctionnalite-de-transformateur-de-mesure","status":"publish","type":"product","link":"https:\/\/productselector.gmc-instruments.com\/fr\/produkt\/transformateur-de-courant-ac-dc-avec-fonctionnalite-de-transformateur-de-mesure\/","title":{"rendered":"Transformateur de courant AC\/DC avec fonctionnalit\u00e9 de transformateur de mesure"},"content":{"rendered":"","protected":false},"excerpt":{"rendered":"<p>Les s\u00e9ries SIRAX BT7000\/BT7050 et SIRAX BT7100\/BT7150 sont des transformateurs de courant avec fonctionnalit\u00e9 de mesure int\u00e9gr\u00e9e pour la surveillance d&rsquo;applications monophas\u00e9es AC ou DC. La mesure du courant est s\u00e9par\u00e9e galvaniquement de la ligne mesur\u00e9e. Le grand nombre de variables mesur\u00e9es, le courant maximal allant jusqu&rsquo;\u00e0 300 AAC ou 400 ADC permettent une utilisation polyvalente des appareils.<\/p>\n","protected":false},"featured_media":27629,"template":"","meta":[],"product_brand":[],"product_cat":[3439,3420,3423],"product_tag":[],"class_list":{"0":"post-11860","1":"product","2":"type-product","3":"status-publish","4":"has-post-thumbnail","6":"product_cat-technique-de-mesure-dc","7":"product_cat-transformateurs-de-courant","8":"product_cat-transmetteur","10":"first","11":"instock","12":"shipping-taxable","13":"purchasable","14":"product-type-variable","15":"has-default-attributes"},"_links":{"self":[{"href":"https:\/\/productselector.gmc-instruments.com\/fr\/wp-json\/wp\/v2\/product\/11860","targetHints":{"allow":["GET"]}}],"collection":[{"href":"https:\/\/productselector.gmc-instruments.com\/fr\/wp-json\/wp\/v2\/product"}],"about":[{"href":"https:\/\/productselector.gmc-instruments.com\/fr\/wp-json\/wp\/v2\/types\/product"}],"wp:featuredmedia":[{"embeddable":true,"href":"https:\/\/productselector.gmc-instruments.com\/fr\/wp-json\/wp\/v2\/media\/27629"}],"wp:attachment":[{"href":"https:\/\/productselector.gmc-instruments.com\/fr\/wp-json\/wp\/v2\/media?parent=11860"}],"wp:term":[{"taxonomy":"product_brand","embeddable":true,"href":"https:\/\/productselector.gmc-instruments.com\/fr\/wp-json\/wp\/v2\/product_brand?post=11860"},{"taxonomy":"product_cat","embeddable":true,"href":"https:\/\/productselector.gmc-instruments.com\/fr\/wp-json\/wp\/v2\/product_cat?post=11860"},{"taxonomy":"product_tag","embeddable":true,"href":"https:\/\/productselector.gmc-instruments.com\/fr\/wp-json\/wp\/v2\/product_tag?post=11860"}],"curies":[{"name":"wp","href":"https:\/\/api.w.org\/{rel}","templated":true}]}}