{"id":11867,"date":"2021-11-26T10:53:32","date_gmt":"2021-11-26T09:53:32","guid":{"rendered":"https:\/\/productselector.gmc-instruments.com\/?post_type=product&#038;p=11867"},"modified":"2024-12-04T07:40:44","modified_gmt":"2024-12-04T06:40:44","slug":"transformateur-de-courant-pour-cable","status":"publish","type":"product","link":"https:\/\/productselector.gmc-instruments.com\/fr\/produkt\/transformateur-de-courant-pour-cable\/","title":{"rendered":"Transformateur de courant pour c\u00e2ble"},"content":{"rendered":"","protected":false},"excerpt":{"rendered":"<p>Gr\u00e2ce \u00e0 leur conception compacte et \u00e0 leur facilit\u00e9 d&rsquo;installation, les transformateurs de courant pour c\u00e2bles sont particuli\u00e8rement adapt\u00e9s \u00e0 une utilisation dans des endroits difficiles d&rsquo;acc\u00e8s et lorsque l&rsquo;espace est limit\u00e9. Les moiti\u00e9s de noyau s\u00e9parables facilitent en outre l&rsquo;installation sur le c\u00e2ble ou sur le rail.<\/p>\n","protected":false},"featured_media":29043,"template":"","meta":[],"product_brand":[],"product_cat":[3420],"product_tag":[],"class_list":{"0":"post-11867","1":"product","2":"type-product","3":"status-publish","4":"has-post-thumbnail","6":"product_cat-transformateurs-de-courant","8":"first","9":"instock","10":"shipping-taxable","11":"purchasable","12":"product-type-variable","13":"has-default-attributes"},"_links":{"self":[{"href":"https:\/\/productselector.gmc-instruments.com\/fr\/wp-json\/wp\/v2\/product\/11867","targetHints":{"allow":["GET"]}}],"collection":[{"href":"https:\/\/productselector.gmc-instruments.com\/fr\/wp-json\/wp\/v2\/product"}],"about":[{"href":"https:\/\/productselector.gmc-instruments.com\/fr\/wp-json\/wp\/v2\/types\/product"}],"wp:featuredmedia":[{"embeddable":true,"href":"https:\/\/productselector.gmc-instruments.com\/fr\/wp-json\/wp\/v2\/media\/29043"}],"wp:attachment":[{"href":"https:\/\/productselector.gmc-instruments.com\/fr\/wp-json\/wp\/v2\/media?parent=11867"}],"wp:term":[{"taxonomy":"product_brand","embeddable":true,"href":"https:\/\/productselector.gmc-instruments.com\/fr\/wp-json\/wp\/v2\/product_brand?post=11867"},{"taxonomy":"product_cat","embeddable":true,"href":"https:\/\/productselector.gmc-instruments.com\/fr\/wp-json\/wp\/v2\/product_cat?post=11867"},{"taxonomy":"product_tag","embeddable":true,"href":"https:\/\/productselector.gmc-instruments.com\/fr\/wp-json\/wp\/v2\/product_tag?post=11867"}],"curies":[{"name":"wp","href":"https:\/\/api.w.org\/{rel}","templated":true}]}}