{"id":11913,"date":"2021-11-26T10:43:44","date_gmt":"2021-11-26T09:43:44","guid":{"rendered":"https:\/\/productselector.gmc-instruments.com\/?post_type=product&#038;p=11913"},"modified":"2024-12-04T07:41:42","modified_gmt":"2024-12-04T06:41:42","slug":"transformateur-de-courant-enfichable","status":"publish","type":"product","link":"https:\/\/productselector.gmc-instruments.com\/fr\/produkt\/transformateur-de-courant-enfichable\/","title":{"rendered":"Transformateur de courant enfichable"},"content":{"rendered":"","protected":false},"excerpt":{"rendered":"<p>Les transformateurs de courant enfichables sont utilis\u00e9s partout o\u00f9 des courants \u00e9lev\u00e9s doivent \u00eatre d\u00e9tect\u00e9s et trait\u00e9s. Ils sont enfich\u00e9s directement sur le conducteur primaire (barre conductrice ou ligne) \u00e0 travers l&rsquo;ouverture. Le secondaire (en g\u00e9n\u00e9ral un appareil de mesure, un compteur d&rsquo;\u00e9nergie ou un affichage) est raccord\u00e9 par les bornes de raccordement situ\u00e9es \u00e0 l&rsquo;avant et \u00e0 l&rsquo;arri\u00e8re.<\/p>\n","protected":false},"featured_media":28982,"template":"","meta":[],"product_brand":[],"product_cat":[3420],"product_tag":[],"class_list":{"0":"post-11913","1":"product","2":"type-product","3":"status-publish","4":"has-post-thumbnail","6":"product_cat-transformateurs-de-courant","8":"first","9":"instock","10":"shipping-taxable","11":"purchasable","12":"product-type-variable","13":"has-default-attributes"},"_links":{"self":[{"href":"https:\/\/productselector.gmc-instruments.com\/fr\/wp-json\/wp\/v2\/product\/11913","targetHints":{"allow":["GET"]}}],"collection":[{"href":"https:\/\/productselector.gmc-instruments.com\/fr\/wp-json\/wp\/v2\/product"}],"about":[{"href":"https:\/\/productselector.gmc-instruments.com\/fr\/wp-json\/wp\/v2\/types\/product"}],"wp:featuredmedia":[{"embeddable":true,"href":"https:\/\/productselector.gmc-instruments.com\/fr\/wp-json\/wp\/v2\/media\/28982"}],"wp:attachment":[{"href":"https:\/\/productselector.gmc-instruments.com\/fr\/wp-json\/wp\/v2\/media?parent=11913"}],"wp:term":[{"taxonomy":"product_brand","embeddable":true,"href":"https:\/\/productselector.gmc-instruments.com\/fr\/wp-json\/wp\/v2\/product_brand?post=11913"},{"taxonomy":"product_cat","embeddable":true,"href":"https:\/\/productselector.gmc-instruments.com\/fr\/wp-json\/wp\/v2\/product_cat?post=11913"},{"taxonomy":"product_tag","embeddable":true,"href":"https:\/\/productselector.gmc-instruments.com\/fr\/wp-json\/wp\/v2\/product_tag?post=11913"}],"curies":[{"name":"wp","href":"https:\/\/api.w.org\/{rel}","templated":true}]}}