{"id":11914,"date":"2021-11-26T10:30:35","date_gmt":"2021-11-26T09:30:35","guid":{"rendered":"https:\/\/productselector.gmc-instruments.com\/?post_type=product&#038;p=11914"},"modified":"2024-12-04T07:41:50","modified_gmt":"2024-12-04T06:41:50","slug":"transformateur-de-courant-bobine","status":"publish","type":"product","link":"https:\/\/productselector.gmc-instruments.com\/fr\/produkt\/transformateur-de-courant-bobine\/","title":{"rendered":"Transformateur de courant bobin\u00e9"},"content":{"rendered":"","protected":false},"excerpt":{"rendered":"<p>Les transformateurs de courant bobin\u00e9s transforment les petits courants assign\u00e9s primaires \u00e0 partir de 1 A en courants assign\u00e9s secondaires de 5 A ou 1 A, isol\u00e9s galvaniquement et utilisables par les syst\u00e8mes de mesure. Contrairement aux transformateurs de courant enfichables ou \u00e0 c\u00e2ble, les transformateurs de courant \u00e0 enroulement ont 4 bornes \u00e0 vis. Le courant primaire, tout comme le courant secondaire, sont raccord\u00e9s par des bornes.<\/p>\n","protected":false},"featured_media":29410,"template":"","meta":[],"product_brand":[],"product_cat":[3420],"product_tag":[],"class_list":{"0":"post-11914","1":"product","2":"type-product","3":"status-publish","4":"has-post-thumbnail","6":"product_cat-transformateurs-de-courant","8":"first","9":"instock","10":"shipping-taxable","11":"purchasable","12":"product-type-variable","13":"has-default-attributes"},"_links":{"self":[{"href":"https:\/\/productselector.gmc-instruments.com\/fr\/wp-json\/wp\/v2\/product\/11914","targetHints":{"allow":["GET"]}}],"collection":[{"href":"https:\/\/productselector.gmc-instruments.com\/fr\/wp-json\/wp\/v2\/product"}],"about":[{"href":"https:\/\/productselector.gmc-instruments.com\/fr\/wp-json\/wp\/v2\/types\/product"}],"wp:featuredmedia":[{"embeddable":true,"href":"https:\/\/productselector.gmc-instruments.com\/fr\/wp-json\/wp\/v2\/media\/29410"}],"wp:attachment":[{"href":"https:\/\/productselector.gmc-instruments.com\/fr\/wp-json\/wp\/v2\/media?parent=11914"}],"wp:term":[{"taxonomy":"product_brand","embeddable":true,"href":"https:\/\/productselector.gmc-instruments.com\/fr\/wp-json\/wp\/v2\/product_brand?post=11914"},{"taxonomy":"product_cat","embeddable":true,"href":"https:\/\/productselector.gmc-instruments.com\/fr\/wp-json\/wp\/v2\/product_cat?post=11914"},{"taxonomy":"product_tag","embeddable":true,"href":"https:\/\/productselector.gmc-instruments.com\/fr\/wp-json\/wp\/v2\/product_tag?post=11914"}],"curies":[{"name":"wp","href":"https:\/\/api.w.org\/{rel}","templated":true}]}}