{"id":12038,"date":"2021-11-19T11:42:31","date_gmt":"2021-11-19T10:42:31","guid":{"rendered":"https:\/\/productselector.gmc-instruments.com\/?post_type=product&#038;p=12038"},"modified":"2024-12-04T07:42:17","modified_gmt":"2024-12-04T06:42:17","slug":"transformateur-de-courant-totalisateur","status":"publish","type":"product","link":"https:\/\/productselector.gmc-instruments.com\/fr\/produkt\/transformateur-de-courant-totalisateur\/","title":{"rendered":"Transformateur de courant totalisateur"},"content":{"rendered":"","protected":false},"excerpt":{"rendered":"<p>Si la mesure de l&rsquo;intensit\u00e9 s&rsquo;effectue via plusieurs transformateurs d&rsquo;intensit\u00e9 pour saisir une consommation totale, les courants secondaires de chaque transformateur d&rsquo;intensit\u00e9 sont additionn\u00e9s et la somme est divis\u00e9e par le nombre d&rsquo;op\u00e9randes (nombre d&rsquo;entr\u00e9es). Ainsi, la consommation totale ne peut \u00eatre saisie qu&rsquo;avec un seul instrument de mesure. Un signal de mesure normalis\u00e9 est disponible \u00e0 la sortie du transformateur de courant sommateur (5 A) est disponible.<\/p>\n","protected":false},"featured_media":29405,"template":"","meta":[],"product_brand":[],"product_cat":[3510,3420],"product_tag":[],"class_list":{"0":"post-12038","1":"product","2":"type-product","3":"status-publish","4":"has-post-thumbnail","6":"product_cat-stations-de-somme","7":"product_cat-transformateurs-de-courant","9":"first","10":"instock","11":"shipping-taxable","12":"purchasable","13":"product-type-variable","14":"has-default-attributes"},"_links":{"self":[{"href":"https:\/\/productselector.gmc-instruments.com\/fr\/wp-json\/wp\/v2\/product\/12038","targetHints":{"allow":["GET"]}}],"collection":[{"href":"https:\/\/productselector.gmc-instruments.com\/fr\/wp-json\/wp\/v2\/product"}],"about":[{"href":"https:\/\/productselector.gmc-instruments.com\/fr\/wp-json\/wp\/v2\/types\/product"}],"wp:featuredmedia":[{"embeddable":true,"href":"https:\/\/productselector.gmc-instruments.com\/fr\/wp-json\/wp\/v2\/media\/29405"}],"wp:attachment":[{"href":"https:\/\/productselector.gmc-instruments.com\/fr\/wp-json\/wp\/v2\/media?parent=12038"}],"wp:term":[{"taxonomy":"product_brand","embeddable":true,"href":"https:\/\/productselector.gmc-instruments.com\/fr\/wp-json\/wp\/v2\/product_brand?post=12038"},{"taxonomy":"product_cat","embeddable":true,"href":"https:\/\/productselector.gmc-instruments.com\/fr\/wp-json\/wp\/v2\/product_cat?post=12038"},{"taxonomy":"product_tag","embeddable":true,"href":"https:\/\/productselector.gmc-instruments.com\/fr\/wp-json\/wp\/v2\/product_tag?post=12038"}],"curies":[{"name":"wp","href":"https:\/\/api.w.org\/{rel}","templated":true}]}}