{"id":12472,"date":"2021-11-17T08:04:04","date_gmt":"2021-11-17T07:04:04","guid":{"rendered":"https:\/\/productselector.gmc-instruments.com\/?post_type=product&#038;p=12472"},"modified":"2024-12-04T07:42:28","modified_gmt":"2024-12-04T06:42:28","slug":"sineax-cam","status":"publish","type":"product","link":"https:\/\/productselector.gmc-instruments.com\/fr\/produkt\/sineax-cam\/","title":{"rendered":"SINEAX\u00ae CAM"},"content":{"rendered":"","protected":false},"excerpt":{"rendered":"<p>Le syst\u00e8me de mesure performant peut d\u00e9terminer l&rsquo;\u00e9tat actuel du r\u00e9seau, la charge suppl\u00e9mentaire due aux consommateurs non lin\u00e9aires ainsi que la charge totale du syst\u00e8me d&rsquo;approvisionnement. La mesure sans faille garantit en outre que chaque modification dans le r\u00e9seau est enregistr\u00e9e de mani\u00e8re fiable et prise en compte dans les donn\u00e9es de mesure et dans la m\u00e9morisation des valeurs extr\u00eames.<\/p>\n","protected":false},"featured_media":29278,"template":"","meta":[],"product_brand":[],"product_cat":[3401],"product_tag":[],"class_list":{"0":"post-12472","1":"product","2":"type-product","3":"status-publish","4":"has-post-thumbnail","6":"product_cat-technique-de-mesure-multifonctionnelle","8":"first","9":"instock","10":"shipping-taxable","11":"purchasable","12":"product-type-variable","13":"has-default-attributes"},"_links":{"self":[{"href":"https:\/\/productselector.gmc-instruments.com\/fr\/wp-json\/wp\/v2\/product\/12472","targetHints":{"allow":["GET"]}}],"collection":[{"href":"https:\/\/productselector.gmc-instruments.com\/fr\/wp-json\/wp\/v2\/product"}],"about":[{"href":"https:\/\/productselector.gmc-instruments.com\/fr\/wp-json\/wp\/v2\/types\/product"}],"wp:featuredmedia":[{"embeddable":true,"href":"https:\/\/productselector.gmc-instruments.com\/fr\/wp-json\/wp\/v2\/media\/29278"}],"wp:attachment":[{"href":"https:\/\/productselector.gmc-instruments.com\/fr\/wp-json\/wp\/v2\/media?parent=12472"}],"wp:term":[{"taxonomy":"product_brand","embeddable":true,"href":"https:\/\/productselector.gmc-instruments.com\/fr\/wp-json\/wp\/v2\/product_brand?post=12472"},{"taxonomy":"product_cat","embeddable":true,"href":"https:\/\/productselector.gmc-instruments.com\/fr\/wp-json\/wp\/v2\/product_cat?post=12472"},{"taxonomy":"product_tag","embeddable":true,"href":"https:\/\/productselector.gmc-instruments.com\/fr\/wp-json\/wp\/v2\/product_tag?post=12472"}],"curies":[{"name":"wp","href":"https:\/\/api.w.org\/{rel}","templated":true}]}}