{"id":13157,"date":"2021-11-15T15:05:12","date_gmt":"2021-11-15T14:05:12","guid":{"rendered":"https:\/\/productselector.gmc-instruments.com\/?post_type=product&#038;p=13157"},"modified":"2024-12-04T07:42:56","modified_gmt":"2024-12-04T06:42:56","slug":"aplus","status":"publish","type":"product","link":"https:\/\/productselector.gmc-instruments.com\/fr\/produkt\/aplus\/","title":{"rendered":"APLUS"},"content":{"rendered":"","protected":false},"excerpt":{"rendered":"<p><em>L&rsquo;APLUS<\/em> est un appareil complet pour la mesure universelle, la surveillance et l&rsquo;analyse de la qualit\u00e9 du r\u00e9seau dans les r\u00e9seaux de courant fort. La qualit\u00e9 suisse la plus \u00e9lev\u00e9e et l&rsquo;utilit\u00e9 maximale pour le client sont au premier plan. L&rsquo;appareil est con\u00e7u pour \u00eatre utilis\u00e9 dans la distribution d&rsquo;\u00e9nergie, dans les r\u00e9seaux fortement d\u00e9form\u00e9s dans l&rsquo;environnement industriel et dans l&rsquo;automatisation des b\u00e2timents.<\/p>\n","protected":false},"featured_media":27631,"template":"","meta":[],"product_brand":[],"product_cat":[3401],"product_tag":[],"class_list":{"0":"post-13157","1":"product","2":"type-product","3":"status-publish","4":"has-post-thumbnail","6":"product_cat-technique-de-mesure-multifonctionnelle","8":"first","9":"instock","10":"shipping-taxable","11":"purchasable","12":"product-type-variable","13":"has-default-attributes"},"_links":{"self":[{"href":"https:\/\/productselector.gmc-instruments.com\/fr\/wp-json\/wp\/v2\/product\/13157","targetHints":{"allow":["GET"]}}],"collection":[{"href":"https:\/\/productselector.gmc-instruments.com\/fr\/wp-json\/wp\/v2\/product"}],"about":[{"href":"https:\/\/productselector.gmc-instruments.com\/fr\/wp-json\/wp\/v2\/types\/product"}],"wp:featuredmedia":[{"embeddable":true,"href":"https:\/\/productselector.gmc-instruments.com\/fr\/wp-json\/wp\/v2\/media\/27631"}],"wp:attachment":[{"href":"https:\/\/productselector.gmc-instruments.com\/fr\/wp-json\/wp\/v2\/media?parent=13157"}],"wp:term":[{"taxonomy":"product_brand","embeddable":true,"href":"https:\/\/productselector.gmc-instruments.com\/fr\/wp-json\/wp\/v2\/product_brand?post=13157"},{"taxonomy":"product_cat","embeddable":true,"href":"https:\/\/productselector.gmc-instruments.com\/fr\/wp-json\/wp\/v2\/product_cat?post=13157"},{"taxonomy":"product_tag","embeddable":true,"href":"https:\/\/productselector.gmc-instruments.com\/fr\/wp-json\/wp\/v2\/product_tag?post=13157"}],"curies":[{"name":"wp","href":"https:\/\/api.w.org\/{rel}","templated":true}]}}