{"id":13160,"date":"2021-11-15T14:19:33","date_gmt":"2021-11-15T13:19:33","guid":{"rendered":"https:\/\/productselector.gmc-instruments.com\/?post_type=product&#038;p=13160"},"modified":"2024-12-04T07:43:05","modified_gmt":"2024-12-04T06:43:05","slug":"sirax-bm1450","status":"publish","type":"product","link":"https:\/\/productselector.gmc-instruments.com\/fr\/produkt\/sirax-bm1450\/","title":{"rendered":"SIRAX\u00ae BM1450"},"content":{"rendered":"","protected":false},"excerpt":{"rendered":"<p>L&rsquo;indicateur d&rsquo;\u00e9nergie DC multifonctionnel SIRAX BM1450 peut \u00eatre utilis\u00e9 pour la surveillance et le contr\u00f4le dans les syst\u00e8mes DC. Ces appareils de mesure mesurent une multitude de param\u00e8tres \u00e9lectriques tels que la tension DC, le courant, la puissance, l&rsquo;\u00e9nergie et bien plus encore.<\/p>\n<p><img loading=\"lazy\" decoding=\"async\" class=\"alignnone wp-image-12957\" src=\"https:\/\/camillebauer.com\/wp-content\/uploads\/2021\/11\/ecoline.png\" alt=\"\" width=\"101\" height=\"25\" \/><\/p>\n<p>&nbsp;<\/p>\n","protected":false},"featured_media":0,"template":"","meta":[],"product_brand":[],"product_cat":[3439,3401],"product_tag":[],"class_list":{"0":"post-13160","1":"product","2":"type-product","3":"status-publish","5":"product_cat-technique-de-mesure-dc","6":"product_cat-technique-de-mesure-multifonctionnelle","8":"first","9":"instock","10":"shipping-taxable","11":"purchasable","12":"product-type-variable","13":"has-default-attributes"},"_links":{"self":[{"href":"https:\/\/productselector.gmc-instruments.com\/fr\/wp-json\/wp\/v2\/product\/13160","targetHints":{"allow":["GET"]}}],"collection":[{"href":"https:\/\/productselector.gmc-instruments.com\/fr\/wp-json\/wp\/v2\/product"}],"about":[{"href":"https:\/\/productselector.gmc-instruments.com\/fr\/wp-json\/wp\/v2\/types\/product"}],"wp:attachment":[{"href":"https:\/\/productselector.gmc-instruments.com\/fr\/wp-json\/wp\/v2\/media?parent=13160"}],"wp:term":[{"taxonomy":"product_brand","embeddable":true,"href":"https:\/\/productselector.gmc-instruments.com\/fr\/wp-json\/wp\/v2\/product_brand?post=13160"},{"taxonomy":"product_cat","embeddable":true,"href":"https:\/\/productselector.gmc-instruments.com\/fr\/wp-json\/wp\/v2\/product_cat?post=13160"},{"taxonomy":"product_tag","embeddable":true,"href":"https:\/\/productselector.gmc-instruments.com\/fr\/wp-json\/wp\/v2\/product_tag?post=13160"}],"curies":[{"name":"wp","href":"https:\/\/api.w.org\/{rel}","templated":true}]}}