{"id":13161,"date":"2021-11-15T14:13:19","date_gmt":"2021-11-15T13:13:19","guid":{"rendered":"https:\/\/productselector.gmc-instruments.com\/?post_type=product&#038;p=13161"},"modified":"2024-12-04T07:43:05","modified_gmt":"2024-12-04T06:43:05","slug":"sirax-bm1400","status":"publish","type":"product","link":"https:\/\/productselector.gmc-instruments.com\/fr\/produkt\/sirax-bm1400\/","title":{"rendered":"SIRAX\u00ae BM1400"},"content":{"rendered":"","protected":false},"excerpt":{"rendered":"<p>Les appareils sont con\u00e7us pour la mesure dans les r\u00e9seaux de distribution \u00e9lectrique ou les installations et machines industrielles. Tous les param\u00e8tres peuvent \u00eatre r\u00e9gl\u00e9s sur place. Les interfaces Modbus RTU (RS485) ou Modbus TCP (Ethernet) sont disponibles pour connecter les appareils \u00e0 des syst\u00e8mes sup\u00e9rieurs.<\/p>\n","protected":false},"featured_media":29334,"template":"","meta":[],"product_brand":[],"product_cat":[3401],"product_tag":[],"class_list":{"0":"post-13161","1":"product","2":"type-product","3":"status-publish","4":"has-post-thumbnail","6":"product_cat-technique-de-mesure-multifonctionnelle","8":"first","9":"instock","10":"shipping-taxable","11":"purchasable","12":"product-type-variable","13":"has-default-attributes"},"_links":{"self":[{"href":"https:\/\/productselector.gmc-instruments.com\/fr\/wp-json\/wp\/v2\/product\/13161","targetHints":{"allow":["GET"]}}],"collection":[{"href":"https:\/\/productselector.gmc-instruments.com\/fr\/wp-json\/wp\/v2\/product"}],"about":[{"href":"https:\/\/productselector.gmc-instruments.com\/fr\/wp-json\/wp\/v2\/types\/product"}],"wp:featuredmedia":[{"embeddable":true,"href":"https:\/\/productselector.gmc-instruments.com\/fr\/wp-json\/wp\/v2\/media\/29334"}],"wp:attachment":[{"href":"https:\/\/productselector.gmc-instruments.com\/fr\/wp-json\/wp\/v2\/media?parent=13161"}],"wp:term":[{"taxonomy":"product_brand","embeddable":true,"href":"https:\/\/productselector.gmc-instruments.com\/fr\/wp-json\/wp\/v2\/product_brand?post=13161"},{"taxonomy":"product_cat","embeddable":true,"href":"https:\/\/productselector.gmc-instruments.com\/fr\/wp-json\/wp\/v2\/product_cat?post=13161"},{"taxonomy":"product_tag","embeddable":true,"href":"https:\/\/productselector.gmc-instruments.com\/fr\/wp-json\/wp\/v2\/product_tag?post=13161"}],"curies":[{"name":"wp","href":"https:\/\/api.w.org\/{rel}","templated":true}]}}