{"id":17985,"date":"2023-01-31T08:50:27","date_gmt":"2023-01-31T07:50:27","guid":{"rendered":"https:\/\/productselector.gmc-instruments.com\/?post_type=product&#038;p=17985"},"modified":"2024-12-04T07:43:15","modified_gmt":"2024-12-04T06:43:15","slug":"sirax-bt5600","status":"publish","type":"product","link":"https:\/\/productselector.gmc-instruments.com\/fr\/produkt\/sirax-bt5600\/","title":{"rendered":"SIRAX BT5600"},"content":{"rendered":"","protected":false},"excerpt":{"rendered":"<p>L&rsquo;objectif du convertisseur de position de prise est de convertir la position de prise des transformateurs en un signal de sortie analogique \u00e9quivalent.<br \/>\nLes sorties peuvent \u00eatre transmises en tant qu&rsquo;entr\u00e9e soit \u00e0 une RTU, soit \u00e0 un instrument d&rsquo;affichage ou d&rsquo;enregistrement. Les convertisseurs de position de prise mesurent une r\u00e9sistance qui correspond \u00e0 la position de prise du transformateur.<\/p>\n","protected":false},"featured_media":29326,"template":"","meta":[],"product_brand":[],"product_cat":[3423],"product_tag":[],"class_list":{"0":"post-17985","1":"product","2":"type-product","3":"status-publish","4":"has-post-thumbnail","6":"product_cat-transmetteur","8":"first","9":"instock","10":"shipping-taxable","11":"purchasable","12":"product-type-variable","13":"has-default-attributes"},"_links":{"self":[{"href":"https:\/\/productselector.gmc-instruments.com\/fr\/wp-json\/wp\/v2\/product\/17985","targetHints":{"allow":["GET"]}}],"collection":[{"href":"https:\/\/productselector.gmc-instruments.com\/fr\/wp-json\/wp\/v2\/product"}],"about":[{"href":"https:\/\/productselector.gmc-instruments.com\/fr\/wp-json\/wp\/v2\/types\/product"}],"wp:featuredmedia":[{"embeddable":true,"href":"https:\/\/productselector.gmc-instruments.com\/fr\/wp-json\/wp\/v2\/media\/29326"}],"wp:attachment":[{"href":"https:\/\/productselector.gmc-instruments.com\/fr\/wp-json\/wp\/v2\/media?parent=17985"}],"wp:term":[{"taxonomy":"product_brand","embeddable":true,"href":"https:\/\/productselector.gmc-instruments.com\/fr\/wp-json\/wp\/v2\/product_brand?post=17985"},{"taxonomy":"product_cat","embeddable":true,"href":"https:\/\/productselector.gmc-instruments.com\/fr\/wp-json\/wp\/v2\/product_cat?post=17985"},{"taxonomy":"product_tag","embeddable":true,"href":"https:\/\/productselector.gmc-instruments.com\/fr\/wp-json\/wp\/v2\/product_tag?post=17985"}],"curies":[{"name":"wp","href":"https:\/\/api.w.org\/{rel}","templated":true}]}}