{"id":25341,"date":"2024-03-15T12:34:38","date_gmt":"2024-03-15T11:34:38","guid":{"rendered":"https:\/\/productselector.gmc-instruments.com\/?post_type=product&#038;p=25341"},"modified":"2024-12-04T07:43:31","modified_gmt":"2024-12-04T06:43:31","slug":"smartgridbox","status":"publish","type":"product","link":"https:\/\/productselector.gmc-instruments.com\/fr\/produkt\/smartgridbox\/","title":{"rendered":"SmartGridBox"},"content":{"rendered":"","protected":false},"excerpt":{"rendered":"<p><strong>Syst\u00e8mes de mesure intelligents \u00e9volutifs dans un bo\u00eetier de terrain pour une utilisation dans les cabines de distribution.<\/strong><\/p>\n","protected":false},"featured_media":29395,"template":"","meta":[],"product_brand":[],"product_cat":[3484],"product_tag":[],"class_list":{"0":"post-25341","1":"product","2":"type-product","3":"status-publish","4":"has-post-thumbnail","6":"product_cat-smart-grid-technique-de-mesure-industrielle","8":"first","9":"instock","10":"shipping-taxable","11":"purchasable","12":"product-type-variable"},"_links":{"self":[{"href":"https:\/\/productselector.gmc-instruments.com\/fr\/wp-json\/wp\/v2\/product\/25341","targetHints":{"allow":["GET"]}}],"collection":[{"href":"https:\/\/productselector.gmc-instruments.com\/fr\/wp-json\/wp\/v2\/product"}],"about":[{"href":"https:\/\/productselector.gmc-instruments.com\/fr\/wp-json\/wp\/v2\/types\/product"}],"wp:featuredmedia":[{"embeddable":true,"href":"https:\/\/productselector.gmc-instruments.com\/fr\/wp-json\/wp\/v2\/media\/29395"}],"wp:attachment":[{"href":"https:\/\/productselector.gmc-instruments.com\/fr\/wp-json\/wp\/v2\/media?parent=25341"}],"wp:term":[{"taxonomy":"product_brand","embeddable":true,"href":"https:\/\/productselector.gmc-instruments.com\/fr\/wp-json\/wp\/v2\/product_brand?post=25341"},{"taxonomy":"product_cat","embeddable":true,"href":"https:\/\/productselector.gmc-instruments.com\/fr\/wp-json\/wp\/v2\/product_cat?post=25341"},{"taxonomy":"product_tag","embeddable":true,"href":"https:\/\/productselector.gmc-instruments.com\/fr\/wp-json\/wp\/v2\/product_tag?post=25341"}],"curies":[{"name":"wp","href":"https:\/\/api.w.org\/{rel}","templated":true}]}}