{"id":11151,"date":"2021-11-15T15:05:12","date_gmt":"2021-11-15T14:05:12","guid":{"rendered":"https:\/\/productselector.gmc-instruments.com\/?post_type=product&#038;p=11151"},"modified":"2024-12-04T08:25:40","modified_gmt":"2024-12-04T07:25:40","slug":"aplus","status":"publish","type":"product","link":"https:\/\/productselector.gmc-instruments.com\/it\/produkt\/aplus\/","title":{"rendered":"APLUS"},"content":{"rendered":"","protected":false},"excerpt":{"rendered":"<p>L&#8217;<em>APLUS<\/em> \u00e8 un dispositivo completo per la misurazione universale, il monitoraggio e l&#8217;analisi della qualit\u00e0 della corrente di potenza nelle reti elettriche. La massima qualit\u00e0 svizzera e il massimo vantaggio per il cliente sono in primo piano. Il dispositivo \u00e8 progettato per l&#8217;uso nella distribuzione di energia, in reti altamente distorte in ambienti industriali e nella building automation.<\/p>\n","protected":false},"featured_media":27631,"template":"","meta":[],"product_brand":[],"product_cat":[3634],"product_tag":[],"class_list":{"0":"post-11151","1":"product","2":"type-product","3":"status-publish","4":"has-post-thumbnail","6":"product_cat-tecnologia-di-misurazione-multifunzionale","8":"first","9":"instock","10":"shipping-taxable","11":"purchasable","12":"product-type-variable","13":"has-default-attributes"},"_links":{"self":[{"href":"https:\/\/productselector.gmc-instruments.com\/it\/wp-json\/wp\/v2\/product\/11151","targetHints":{"allow":["GET"]}}],"collection":[{"href":"https:\/\/productselector.gmc-instruments.com\/it\/wp-json\/wp\/v2\/product"}],"about":[{"href":"https:\/\/productselector.gmc-instruments.com\/it\/wp-json\/wp\/v2\/types\/product"}],"wp:featuredmedia":[{"embeddable":true,"href":"https:\/\/productselector.gmc-instruments.com\/it\/wp-json\/wp\/v2\/media\/27631"}],"wp:attachment":[{"href":"https:\/\/productselector.gmc-instruments.com\/it\/wp-json\/wp\/v2\/media?parent=11151"}],"wp:term":[{"taxonomy":"product_brand","embeddable":true,"href":"https:\/\/productselector.gmc-instruments.com\/it\/wp-json\/wp\/v2\/product_brand?post=11151"},{"taxonomy":"product_cat","embeddable":true,"href":"https:\/\/productselector.gmc-instruments.com\/it\/wp-json\/wp\/v2\/product_cat?post=11151"},{"taxonomy":"product_tag","embeddable":true,"href":"https:\/\/productselector.gmc-instruments.com\/it\/wp-json\/wp\/v2\/product_tag?post=11151"}],"curies":[{"name":"wp","href":"https:\/\/api.w.org\/{rel}","templated":true}]}}