{"id":11157,"date":"2021-11-15T14:05:37","date_gmt":"2021-11-15T13:05:37","guid":{"rendered":"https:\/\/productselector.gmc-instruments.com\/?post_type=product&#038;p=11157"},"modified":"2024-12-04T08:26:01","modified_gmt":"2024-12-04T07:26:01","slug":"sirax-bm1250","status":"publish","type":"product","link":"https:\/\/productselector.gmc-instruments.com\/it\/produkt\/sirax-bm1250\/","title":{"rendered":"SIRAX\u00ae BM1250"},"content":{"rendered":"","protected":false},"excerpt":{"rendered":"<p>Il contatore multifunzionale di potenza e monitoraggio SIRAX<sup>\u00ae<\/sup> BM1250 \u00e8 adatto per l&#8217;installazione fissa e per misurare i parametri elettrici pi\u00f9 importanti negli impianti a bassa tensione. La misura \u00e8 progettata per reti monofase o trifase con connessioni a 2, 3 o 4 fili e sono utilizzati per il monitoraggio sicuro della distribuzione elettrica.<\/p>\n<p><img loading=\"lazy\" decoding=\"async\" class=\"alignnone wp-image-12957\" src=\"https:\/\/camillebauer.com\/wp-content\/uploads\/2021\/11\/ecoline.png\" alt=\"\" width=\"101\" height=\"25\" \/><\/p>\n<p>&nbsp;<\/p>\n<p>&nbsp;<\/p>\n","protected":false},"featured_media":29331,"template":"","meta":[],"product_brand":[],"product_cat":[3634],"product_tag":[],"class_list":{"0":"post-11157","1":"product","2":"type-product","3":"status-publish","4":"has-post-thumbnail","6":"product_cat-tecnologia-di-misurazione-multifunzionale","8":"first","9":"instock","10":"shipping-taxable","11":"purchasable","12":"product-type-variable","13":"has-default-attributes"},"_links":{"self":[{"href":"https:\/\/productselector.gmc-instruments.com\/it\/wp-json\/wp\/v2\/product\/11157","targetHints":{"allow":["GET"]}}],"collection":[{"href":"https:\/\/productselector.gmc-instruments.com\/it\/wp-json\/wp\/v2\/product"}],"about":[{"href":"https:\/\/productselector.gmc-instruments.com\/it\/wp-json\/wp\/v2\/types\/product"}],"wp:featuredmedia":[{"embeddable":true,"href":"https:\/\/productselector.gmc-instruments.com\/it\/wp-json\/wp\/v2\/media\/29331"}],"wp:attachment":[{"href":"https:\/\/productselector.gmc-instruments.com\/it\/wp-json\/wp\/v2\/media?parent=11157"}],"wp:term":[{"taxonomy":"product_brand","embeddable":true,"href":"https:\/\/productselector.gmc-instruments.com\/it\/wp-json\/wp\/v2\/product_brand?post=11157"},{"taxonomy":"product_cat","embeddable":true,"href":"https:\/\/productselector.gmc-instruments.com\/it\/wp-json\/wp\/v2\/product_cat?post=11157"},{"taxonomy":"product_tag","embeddable":true,"href":"https:\/\/productselector.gmc-instruments.com\/it\/wp-json\/wp\/v2\/product_tag?post=11157"}],"curies":[{"name":"wp","href":"https:\/\/api.w.org\/{rel}","templated":true}]}}