{"id":11387,"date":"2021-07-22T11:25:14","date_gmt":"2021-07-22T10:25:14","guid":{"rendered":"https:\/\/productselector.gmc-instruments.com\/?post_type=product&#038;p=11387"},"modified":"2024-12-04T08:28:41","modified_gmt":"2024-12-04T07:28:41","slug":"centrax-cu5000","status":"publish","type":"product","link":"https:\/\/productselector.gmc-instruments.com\/it\/produkt\/centrax-cu5000\/","title":{"rendered":"CENTRAX\u00ae CU5000"},"content":{"rendered":"","protected":false},"excerpt":{"rendered":"<p><strong>Soluzioni flessibili per l&#8217;industria energetica<\/strong><br \/>\nIl CENTRAX<sup>\u00ae<\/sup> CU5000 combina in un unica custodia la funzionalit\u00e0 di un dispositivo di misurazione ad alta precisione per applicazioni con correnti pesanti con le possibilit\u00e0 di un soft PLC liberamente programmabile. L&#8217;ambiente di processo pu\u00f2 essere collegato tramite interfacce di comunicazione, I\/O digitali, uscite analogiche o rel\u00e8.<\/p>\n","protected":false},"featured_media":28992,"template":"","meta":[],"product_brand":[],"product_cat":[3718,3559],"product_tag":[],"class_list":{"0":"post-11387","1":"product","2":"type-product","3":"status-publish","4":"has-post-thumbnail","6":"product_cat-monitorare-e-comandare","7":"product_cat-strumentazione-industriale","9":"first","10":"instock","11":"shipping-taxable","12":"purchasable","13":"product-type-variable"},"_links":{"self":[{"href":"https:\/\/productselector.gmc-instruments.com\/it\/wp-json\/wp\/v2\/product\/11387","targetHints":{"allow":["GET"]}}],"collection":[{"href":"https:\/\/productselector.gmc-instruments.com\/it\/wp-json\/wp\/v2\/product"}],"about":[{"href":"https:\/\/productselector.gmc-instruments.com\/it\/wp-json\/wp\/v2\/types\/product"}],"wp:featuredmedia":[{"embeddable":true,"href":"https:\/\/productselector.gmc-instruments.com\/it\/wp-json\/wp\/v2\/media\/28992"}],"wp:attachment":[{"href":"https:\/\/productselector.gmc-instruments.com\/it\/wp-json\/wp\/v2\/media?parent=11387"}],"wp:term":[{"taxonomy":"product_brand","embeddable":true,"href":"https:\/\/productselector.gmc-instruments.com\/it\/wp-json\/wp\/v2\/product_brand?post=11387"},{"taxonomy":"product_cat","embeddable":true,"href":"https:\/\/productselector.gmc-instruments.com\/it\/wp-json\/wp\/v2\/product_cat?post=11387"},{"taxonomy":"product_tag","embeddable":true,"href":"https:\/\/productselector.gmc-instruments.com\/it\/wp-json\/wp\/v2\/product_tag?post=11387"}],"curies":[{"name":"wp","href":"https:\/\/api.w.org\/{rel}","templated":true}]}}